{"id":769,"date":"2023-05-25T20:13:04","date_gmt":"2023-05-25T17:13:04","guid":{"rendered":"https:\/\/safaksansoba.com\/?page_id=769"},"modified":"2023-05-29T23:00:14","modified_gmt":"2023-05-29T20:00:14","slug":"hakkimizda","status":"publish","type":"page","link":"https:\/\/safaksansoba.com\/en\/hakkimizda\/","title":{"rendered":"About Us"},"content":{"rendered":"<div data-elementor-type=\"wp-page\" data-elementor-id=\"769\" class=\"elementor elementor-769\" data-elementor-post-type=\"page\">\n\t\t\t\t<div class=\"elementor-element elementor-element-09e0487 e-con-full e-flex e-con e-parent\" data-id=\"09e0487\" data-element_type=\"container\" data-e-type=\"container\">\n\t\t\t\t<div class=\"elementor-element elementor-element-307fd1e elementor-widget__width-initial elementor-widget elementor-widget-image\" data-id=\"307fd1e\" data-element_type=\"widget\" data-e-type=\"widget\" data-widget_type=\"image.default\">\n\t\t\t\t\t\t\t\t\t\t\t\t\t\t\t<img fetchpriority=\"high\" decoding=\"async\" data-attachment-id=\"1492\" data-permalink=\"https:\/\/safaksansoba.com\/en\/hakkimizda\/about-us-text-office-desk-with-computer-technology-high-angle\/\" data-orig-file=\"https:\/\/i0.wp.com\/safaksansoba.com\/wp-content\/uploads\/2023\/05\/AdobeStock_135709080.jpeg?fit=5616%2C3744&amp;ssl=1\" data-orig-size=\"5616,3744\" data-comments-opened=\"1\" data-image-meta=\"{&quot;aperture&quot;:&quot;10&quot;,&quot;credit&quot;:&quot;MichaelJBerlin - stock.adobe.com&quot;,&quot;camera&quot;:&quot;Canon EOS 5D Mark II&quot;,&quot;caption&quot;:&quot;About Us text on note pad, office desk with electronic devices, computer and paper, wood table from above, concept image for blog title or header image.&quot;,&quot;created_timestamp&quot;:&quot;1485965706&quot;,&quot;copyright&quot;:&quot;Michael J Berlin&quot;,&quot;focal_length&quot;:&quot;85&quot;,&quot;iso&quot;:&quot;160&quot;,&quot;shutter_speed&quot;:&quot;0.00625&quot;,&quot;title&quot;:&quot;About Us text, Office desk with computer technology, high angle&quot;,&quot;orientation&quot;:&quot;1&quot;}\" data-image-title=\"About Us text, Office desk with computer technology, high angle\" data-image-description=\"\" data-image-caption=\"&lt;p&gt;About Us text on note pad, office desk with electronic devices, computer and paper, wood table from above, concept image for blog title or header image.&lt;\/p&gt;\" data-large-file=\"https:\/\/i0.wp.com\/safaksansoba.com\/wp-content\/uploads\/2023\/05\/AdobeStock_135709080.jpeg?fit=800%2C534&amp;ssl=1\" width=\"800\" height=\"534\" src=\"https:\/\/i0.wp.com\/safaksansoba.com\/wp-content\/uploads\/2023\/05\/AdobeStock_135709080.jpeg?fit=800%2C534&amp;ssl=1\" class=\"attachment-large size-large wp-image-1492\" alt=\"\" srcset=\"https:\/\/i0.wp.com\/safaksansoba.com\/wp-content\/uploads\/2023\/05\/AdobeStock_135709080.jpeg?w=5616&amp;ssl=1 5616w, https:\/\/i0.wp.com\/safaksansoba.com\/wp-content\/uploads\/2023\/05\/AdobeStock_135709080.jpeg?resize=300%2C200&amp;ssl=1 300w, https:\/\/i0.wp.com\/safaksansoba.com\/wp-content\/uploads\/2023\/05\/AdobeStock_135709080.jpeg?resize=1024%2C683&amp;ssl=1 1024w, https:\/\/i0.wp.com\/safaksansoba.com\/wp-content\/uploads\/2023\/05\/AdobeStock_135709080.jpeg?resize=768%2C512&amp;ssl=1 768w, https:\/\/i0.wp.com\/safaksansoba.com\/wp-content\/uploads\/2023\/05\/AdobeStock_135709080.jpeg?resize=1536%2C1024&amp;ssl=1 1536w, https:\/\/i0.wp.com\/safaksansoba.com\/wp-content\/uploads\/2023\/05\/AdobeStock_135709080.jpeg?resize=2048%2C1365&amp;ssl=1 2048w, https:\/\/i0.wp.com\/safaksansoba.com\/wp-content\/uploads\/2023\/05\/AdobeStock_135709080.jpeg?resize=1200%2C800&amp;ssl=1 1200w, https:\/\/i0.wp.com\/safaksansoba.com\/wp-content\/uploads\/2023\/05\/AdobeStock_135709080.jpeg?w=1600&amp;ssl=1 1600w, https:\/\/i0.wp.com\/safaksansoba.com\/wp-content\/uploads\/2023\/05\/AdobeStock_135709080.jpeg?w=2400&amp;ssl=1 2400w\" sizes=\"(max-width: 800px) 100vw, 800px\" \/>\t\t\t\t\t\t\t\t\t\t\t\t\t\t\t<\/div>\n\t\t\t\t<\/div>\n\t\t<div class=\"elementor-element elementor-element-18748a2 e-con-full e-flex e-con e-parent\" data-id=\"18748a2\" data-element_type=\"container\" data-e-type=\"container\">\n\t\t\t\t<div class=\"elementor-element elementor-element-8c17d6b elementor-widget elementor-widget-spacer\" data-id=\"8c17d6b\" data-element_type=\"widget\" data-e-type=\"widget\" data-widget_type=\"spacer.default\">\n\t\t\t\t\t\t\t<div class=\"elementor-spacer\">\n\t\t\t<div class=\"elementor-spacer-inner\"><\/div>\n\t\t<\/div>\n\t\t\t\t\t\t<\/div>\n\t\t\t\t<\/div>\n\t\t<div class=\"elementor-element elementor-element-144ea5d e-flex e-con-boxed e-con e-parent\" data-id=\"144ea5d\" data-element_type=\"container\" data-e-type=\"container\">\n\t\t\t\t\t<div class=\"e-con-inner\">\n\t\t<div class=\"elementor-element elementor-element-00b13a0 e-con-full e-flex e-con e-parent\" data-id=\"00b13a0\" data-element_type=\"container\" data-e-type=\"container\">\n\t\t\t\t<div class=\"elementor-element elementor-element-6cbfeda elementor-widget elementor-widget-image\" data-id=\"6cbfeda\" data-element_type=\"widget\" data-e-type=\"widget\" data-widget_type=\"image.default\">\n\t\t\t\t\t\t\t\t\t\t\t\t\t\t\t<img decoding=\"async\" data-attachment-id=\"1501\" data-permalink=\"https:\/\/safaksansoba.com\/en\/hakkimizda\/web-sablon-collage-mt\/\" data-orig-file=\"https:\/\/i0.wp.com\/safaksansoba.com\/wp-content\/uploads\/2023\/05\/WEB-SABLON-COLLAGE-MT.jpg?fit=3625%2C5000&amp;ssl=1\" data-orig-size=\"3625,5000\" data-comments-opened=\"1\" data-image-meta=\"{&quot;aperture&quot;:&quot;0&quot;,&quot;credit&quot;:&quot;&quot;,&quot;camera&quot;:&quot;&quot;,&quot;caption&quot;:&quot;&quot;,&quot;created_timestamp&quot;:&quot;0&quot;,&quot;copyright&quot;:&quot;&quot;,&quot;focal_length&quot;:&quot;0&quot;,&quot;iso&quot;:&quot;0&quot;,&quot;shutter_speed&quot;:&quot;0&quot;,&quot;title&quot;:&quot;&quot;,&quot;orientation&quot;:&quot;0&quot;}\" data-image-title=\"WEB \u015eABLON-COLLAGE-MT\" data-image-description=\"\" data-image-caption=\"\" data-large-file=\"https:\/\/i0.wp.com\/safaksansoba.com\/wp-content\/uploads\/2023\/05\/WEB-SABLON-COLLAGE-MT.jpg?fit=742%2C1024&amp;ssl=1\" width=\"742\" height=\"1024\" src=\"https:\/\/i0.wp.com\/safaksansoba.com\/wp-content\/uploads\/2023\/05\/WEB-SABLON-COLLAGE-MT.jpg?fit=742%2C1024&amp;ssl=1\" class=\"attachment-large size-large wp-image-1501\" alt=\"\" srcset=\"https:\/\/i0.wp.com\/safaksansoba.com\/wp-content\/uploads\/2023\/05\/WEB-SABLON-COLLAGE-MT.jpg?w=3625&amp;ssl=1 3625w, https:\/\/i0.wp.com\/safaksansoba.com\/wp-content\/uploads\/2023\/05\/WEB-SABLON-COLLAGE-MT.jpg?resize=218%2C300&amp;ssl=1 218w, https:\/\/i0.wp.com\/safaksansoba.com\/wp-content\/uploads\/2023\/05\/WEB-SABLON-COLLAGE-MT.jpg?resize=742%2C1024&amp;ssl=1 742w, https:\/\/i0.wp.com\/safaksansoba.com\/wp-content\/uploads\/2023\/05\/WEB-SABLON-COLLAGE-MT.jpg?resize=768%2C1059&amp;ssl=1 768w, https:\/\/i0.wp.com\/safaksansoba.com\/wp-content\/uploads\/2023\/05\/WEB-SABLON-COLLAGE-MT.jpg?resize=1114%2C1536&amp;ssl=1 1114w, https:\/\/i0.wp.com\/safaksansoba.com\/wp-content\/uploads\/2023\/05\/WEB-SABLON-COLLAGE-MT.jpg?resize=1485%2C2048&amp;ssl=1 1485w, https:\/\/i0.wp.com\/safaksansoba.com\/wp-content\/uploads\/2023\/05\/WEB-SABLON-COLLAGE-MT.jpg?resize=1200%2C1655&amp;ssl=1 1200w, https:\/\/i0.wp.com\/safaksansoba.com\/wp-content\/uploads\/2023\/05\/WEB-SABLON-COLLAGE-MT.jpg?w=1600&amp;ssl=1 1600w, https:\/\/i0.wp.com\/safaksansoba.com\/wp-content\/uploads\/2023\/05\/WEB-SABLON-COLLAGE-MT.jpg?w=2400&amp;ssl=1 2400w\" sizes=\"(max-width: 742px) 100vw, 742px\" \/>\t\t\t\t\t\t\t\t\t\t\t\t\t\t\t<\/div>\n\t\t\t\t<\/div>\n\t\t<div class=\"elementor-element elementor-element-5b588e9 e-con-full e-flex e-con e-parent\" data-id=\"5b588e9\" data-element_type=\"container\" data-e-type=\"container\">\n\t\t\t\t<div class=\"elementor-element elementor-element-92e25e1 elementor-widget elementor-widget-image\" data-id=\"92e25e1\" data-element_type=\"widget\" data-e-type=\"widget\" data-widget_type=\"image.default\">\n\t\t\t\t\t\t\t\t\t\t\t\t\t\t\t<img decoding=\"async\" data-attachment-id=\"1534\" data-permalink=\"https:\/\/safaksansoba.com\/en\/hakkimizda\/web-sablon-collage-01\/\" data-orig-file=\"https:\/\/i0.wp.com\/safaksansoba.com\/wp-content\/uploads\/2023\/05\/WEB-SABLON-COLLAGE-01.jpg?fit=3625%2C5000&amp;ssl=1\" data-orig-size=\"3625,5000\" data-comments-opened=\"1\" data-image-meta=\"{&quot;aperture&quot;:&quot;0&quot;,&quot;credit&quot;:&quot;&quot;,&quot;camera&quot;:&quot;&quot;,&quot;caption&quot;:&quot;&quot;,&quot;created_timestamp&quot;:&quot;0&quot;,&quot;copyright&quot;:&quot;&quot;,&quot;focal_length&quot;:&quot;0&quot;,&quot;iso&quot;:&quot;0&quot;,&quot;shutter_speed&quot;:&quot;0&quot;,&quot;title&quot;:&quot;&quot;,&quot;orientation&quot;:&quot;0&quot;}\" data-image-title=\"WEB \u015eABLON-COLLAGE-01\" data-image-description=\"\" data-image-caption=\"\" data-large-file=\"https:\/\/i0.wp.com\/safaksansoba.com\/wp-content\/uploads\/2023\/05\/WEB-SABLON-COLLAGE-01.jpg?fit=742%2C1024&amp;ssl=1\" width=\"742\" height=\"1024\" src=\"https:\/\/i0.wp.com\/safaksansoba.com\/wp-content\/uploads\/2023\/05\/WEB-SABLON-COLLAGE-01.jpg?fit=742%2C1024&amp;ssl=1\" class=\"attachment-large size-large wp-image-1534\" alt=\"\" srcset=\"https:\/\/i0.wp.com\/safaksansoba.com\/wp-content\/uploads\/2023\/05\/WEB-SABLON-COLLAGE-01.jpg?w=3625&amp;ssl=1 3625w, https:\/\/i0.wp.com\/safaksansoba.com\/wp-content\/uploads\/2023\/05\/WEB-SABLON-COLLAGE-01.jpg?resize=218%2C300&amp;ssl=1 218w, https:\/\/i0.wp.com\/safaksansoba.com\/wp-content\/uploads\/2023\/05\/WEB-SABLON-COLLAGE-01.jpg?resize=742%2C1024&amp;ssl=1 742w, https:\/\/i0.wp.com\/safaksansoba.com\/wp-content\/uploads\/2023\/05\/WEB-SABLON-COLLAGE-01.jpg?resize=768%2C1059&amp;ssl=1 768w, https:\/\/i0.wp.com\/safaksansoba.com\/wp-content\/uploads\/2023\/05\/WEB-SABLON-COLLAGE-01.jpg?resize=1114%2C1536&amp;ssl=1 1114w, https:\/\/i0.wp.com\/safaksansoba.com\/wp-content\/uploads\/2023\/05\/WEB-SABLON-COLLAGE-01.jpg?resize=1485%2C2048&amp;ssl=1 1485w, https:\/\/i0.wp.com\/safaksansoba.com\/wp-content\/uploads\/2023\/05\/WEB-SABLON-COLLAGE-01.jpg?resize=1200%2C1655&amp;ssl=1 1200w, https:\/\/i0.wp.com\/safaksansoba.com\/wp-content\/uploads\/2023\/05\/WEB-SABLON-COLLAGE-01.jpg?w=1600&amp;ssl=1 1600w, https:\/\/i0.wp.com\/safaksansoba.com\/wp-content\/uploads\/2023\/05\/WEB-SABLON-COLLAGE-01.jpg?w=2400&amp;ssl=1 2400w\" sizes=\"(max-width: 742px) 100vw, 742px\" \/>\t\t\t\t\t\t\t\t\t\t\t\t\t\t\t<\/div>\n\t\t\t\t<\/div>\n\t\t\t\t\t<\/div>\n\t\t\t\t<\/div>\n\t\t<div class=\"elementor-element elementor-element-ede0864 e-flex e-con-boxed e-con e-parent\" data-id=\"ede0864\" data-element_type=\"container\" data-e-type=\"container\" data-settings=\"{&quot;background_background&quot;:&quot;classic&quot;}\">\n\t\t\t\t\t<div class=\"e-con-inner\">\n\t\t\t\t<div class=\"elementor-element elementor-element-323e4ce elementor-widget elementor-widget-text-editor\" data-id=\"323e4ce\" data-element_type=\"widget\" data-e-type=\"widget\" data-widget_type=\"text-editor.default\">\n\t\t\t\t\t\t\t\t\t<p class=\"translation-block\">Founded in 1971, \u015eafaksan was born from  <strong>\u015eafak Elektrik<\/strong> and institutionalized in 1989 and became \u015eafaksan Electric Machinery Industry and Trade Inc. It has come to the present day under the name. Investments from 1971 to the present day,<\/p><p class=\"translation-block\">Electrician Hydraulic and Mechanical Hand Tools,\n<br>Electrical Panels,\n<br>Solid Fuel, Blown, Natural Gas, LPG, and Biogas Heaters,\n<br>Sub-Industry Panel and Sheet Metal Works,\n<br>Project Contracting\n<br>Cable Lugs and Joint Muffs have been produced to diversify, modernize and develop, and today it has become a specialist company that thinks analytically.<\/p><p class=\"translation-block\">In 2019, <strong>Nizamo\u011fullar\u0131 Ltd<\/strong> company purchased the production and sales rights of all products, brands, and patents belonging to \u015eafaksan A.\u015e. Nizamo\u011fullar\u0131 Ltd, which still continues its production in G\u00f6nen Leather Specialization and Mixed Organized Industrial Zone, continues to grow and develop by adding innovative products to its product range that will appeal to domestic and foreign markets.<\/p>\t\t\t\t\t\t\t\t<\/div>\n\t\t\t\t\t<\/div>\n\t\t\t\t<\/div>\n\t\t\t\t<\/div>","protected":false},"excerpt":{"rendered":"<p>1971 y\u0131l\u0131nda kurulan \u015eafak Elektrik b\u00fcnyesinden \u015eafaksan do\u011fmu\u015f ve 1989 y\u0131l\u0131nda kurumsalla\u015farak \u015eafaksan Elk. Mak. San. ve Tic. A.\u015e. ad\u0131 alt\u0131nda g\u00fcn\u00fcm\u00fcze kadar gelmi\u015ftir. 1971&#8217;den g\u00fcn\u00fcm\u00fcze yat\u0131r\u0131mlar\u0131n\u0131, Elektrik\u00e7i Hidrolik ve Mekanik El Aletleri,Elektrik Panolar\u0131,Kat\u0131 Yak\u0131tl\u0131, \u00dcflemeli, Do\u011falgazl\u0131, Lpg&#8217;li ve Biogazl\u0131 Is\u0131t\u0131c\u0131lar,Yan Sanayi Pano ve Sac \u0130\u015fleri,Proje Taahh\u00fctKablo Pabu\u00e7lar\u0131 ve Ek Muflar\u0131 imalat\u0131n\u0131 \u00e7e\u015fitlendirmek, modernize ederek [&hellip;]<\/p>\n","protected":false},"author":230194274,"featured_media":0,"parent":0,"menu_order":0,"comment_status":"closed","ping_status":"closed","template":"","meta":{"_crdt_document":"","advanced_seo_description":"","jetpack_seo_html_title":"","jetpack_seo_noindex":false,"footnotes":""},"class_list":["post-769","page","type-page","status-publish","hentry"],"jetpack_likes_enabled":true,"jetpack_sharing_enabled":true,"jetpack_shortlink":"https:\/\/wp.me\/PexkoE-cp","jetpack-related-posts":[],"_links":{"self":[{"href":"https:\/\/safaksansoba.com\/en\/wp-json\/wp\/v2\/pages\/769","targetHints":{"allow":["GET"]}}],"collection":[{"href":"https:\/\/safaksansoba.com\/en\/wp-json\/wp\/v2\/pages"}],"about":[{"href":"https:\/\/safaksansoba.com\/en\/wp-json\/wp\/v2\/types\/page"}],"author":[{"embeddable":true,"href":"https:\/\/safaksansoba.com\/en\/wp-json\/wp\/v2\/users\/230194274"}],"replies":[{"embeddable":true,"href":"https:\/\/safaksansoba.com\/en\/wp-json\/wp\/v2\/comments?post=769"}],"version-history":[{"count":57,"href":"https:\/\/safaksansoba.com\/en\/wp-json\/wp\/v2\/pages\/769\/revisions"}],"predecessor-version":[{"id":1552,"href":"https:\/\/safaksansoba.com\/en\/wp-json\/wp\/v2\/pages\/769\/revisions\/1552"}],"wp:attachment":[{"href":"https:\/\/safaksansoba.com\/en\/wp-json\/wp\/v2\/media?parent=769"}],"curies":[{"name":"wp","href":"https:\/\/api.w.org\/{rel}","templated":true}]}}